{"id":1704,"date":"2024-07-24T18:27:53","date_gmt":"2024-07-24T18:27:53","guid":{"rendered":"https:\/\/cretandeli.gr\/?page_id=1704"},"modified":"2024-07-24T18:34:45","modified_gmt":"2024-07-24T18:34:45","slug":"shipping-and-payments","status":"publish","type":"page","link":"https:\/\/cretandeli.gr\/pl\/shipping-and-payments\/","title":{"rendered":"Wysy\u0142ka i p\u0142atno\u015bci"},"content":{"rendered":"<pre class=\"wp-block-code has-palette-color-4-color has-palette-color-1-background-color has-text-color has-background has-link-color wp-elements-98e8222142f457e99099e666d40ca6f7\"><code>Witamy na naszej stronie po\u015bwi\u0119conej wysy\u0142ce i p\u0142atno\u015bciom. Tutaj znajdziesz wszystkie potrzebne informacje dotycz\u0105ce naszych metod wysy\u0142ki, opcji p\u0142atno\u015bci i powi\u0105zanych zasad. Naszym celem jest zapewnienie p\u0142ynnych i bezproblemowych zakup\u00f3w.<\/code><\/pre>\n\n\n\n<h4 id=\"gspb_heading-id-gsbp-91effaa\" class=\"gspb_heading gspb_heading-id-gsbp-91effaa\">Metody wysy\u0142ki<\/h4>\n\n\n\n<pre class=\"wp-block-code has-palette-color-4-color has-palette-color-1-background-color has-text-color has-background has-link-color wp-elements-0e1ab56ecaffa9958bb4efc3b438de40\"><code>Z dum\u0105 wsp\u00f3\u0142pracujemy z DHL, oferuj\u0105c szybk\u0105 i niezawodn\u0105 dostaw\u0119 wszystkich naszych zam\u00f3wie\u0144.<\/code><\/pre>\n\n\n\n<h4 id=\"gspb_heading-id-gsbp-f0e3a35\" class=\"gspb_heading gspb_heading-id-gsbp-f0e3a35\">Koszty wysy\u0142ki<\/h4>\n\n\n\n<pre class=\"wp-block-code has-palette-color-4-color has-palette-color-1-background-color has-text-color has-background has-link-color wp-elements-162254d8f3dbff272537756542ba3e16\"><code>Koszty wysy\u0142ki r\u00f3\u017cni\u0105 si\u0119 w zale\u017cno\u015bci od wybranej metody wysy\u0142ki i miejsca docelowego zam\u00f3wienia. Dok\u0142adny koszt wysy\u0142ki mo\u017cna sprawdzi\u0107 przy kasie.<\/code><\/pre>\n\n\n\n<h4 id=\"gspb_heading-id-gsbp-9e2535b\" class=\"gspb_heading gspb_heading-id-gsbp-9e2535b\">Czas przetwarzania zam\u00f3wienia<\/h4>\n\n\n\n<pre class=\"wp-block-code has-palette-color-4-color has-palette-color-1-background-color has-text-color has-background has-link-color wp-elements-0c63295ec58f1234e4a989f987304d34\"><code>Wszystkie zam\u00f3wienia s\u0105 przetwarzane w ci\u0105gu 1-2 dni roboczych. Zam\u00f3wienia nie s\u0105 przetwarzane ani wysy\u0142ane w weekendy i \u015bwi\u0119ta.<\/code><\/pre>\n\n\n\n<h4 id=\"gspb_heading-id-gsbp-435eca5\" class=\"gspb_heading gspb_heading-id-gsbp-435eca5\">Opcje p\u0142atno\u015bci<\/h4>\n\n\n\n<pre class=\"wp-block-code has-palette-color-4-color has-palette-color-1-background-color has-text-color has-background has-link-color wp-elements-9eb29ce73b4c21514f61cedbeae3667d\"><code>Oferujemy bezpieczne i wygodne opcje p\u0142atno\u015bci za po\u015brednictwem VIVA Wallet i wszystkich g\u0142\u00f3wnych kart kredytowych.\nWszystkie transakcje s\u0105 przetwarzane za po\u015brednictwem bezpiecznych bramek p\u0142atniczych, co zapewnia ochron\u0119 danych osobowych i informacji o p\u0142atno\u015bciach. U\u017cywamy szyfrowania SSL, aby chroni\u0107 Twoje dane.<\/code><\/pre>","protected":false},"excerpt":{"rendered":"","protected":false},"author":1,"featured_media":0,"parent":0,"menu_order":0,"comment_status":"closed","ping_status":"closed","template":"","meta":{"_gspb_post_css":".gspb_text-id-gsbp-b980ad2{color:var(--wp--preset--color--palette-color-4, var(--theme-palette-color-4, #0D0E16));margin-top:0!important;margin-bottom:0!important;background-color:var(--wp--preset--color--palette-color-1, var(--theme-palette-color-1, #607846))}","_monsterinsights_skip_tracking":false,"_monsterinsights_sitenote_active":false,"_monsterinsights_sitenote_note":"","_monsterinsights_sitenote_category":0,"footnotes":""},"class_list":["post-1704","page","type-page","status-publish","hentry"],"blocksy_meta":[],"aioseo_notices":[],"jetpack_sharing_enabled":true,"_links":{"self":[{"href":"https:\/\/cretandeli.gr\/pl\/wp-json\/wp\/v2\/pages\/1704","targetHints":{"allow":["GET"]}}],"collection":[{"href":"https:\/\/cretandeli.gr\/pl\/wp-json\/wp\/v2\/pages"}],"about":[{"href":"https:\/\/cretandeli.gr\/pl\/wp-json\/wp\/v2\/types\/page"}],"author":[{"embeddable":true,"href":"https:\/\/cretandeli.gr\/pl\/wp-json\/wp\/v2\/users\/1"}],"replies":[{"embeddable":true,"href":"https:\/\/cretandeli.gr\/pl\/wp-json\/wp\/v2\/comments?post=1704"}],"version-history":[{"count":3,"href":"https:\/\/cretandeli.gr\/pl\/wp-json\/wp\/v2\/pages\/1704\/revisions"}],"predecessor-version":[{"id":1709,"href":"https:\/\/cretandeli.gr\/pl\/wp-json\/wp\/v2\/pages\/1704\/revisions\/1709"}],"wp:attachment":[{"href":"https:\/\/cretandeli.gr\/pl\/wp-json\/wp\/v2\/media?parent=1704"}],"curies":[{"name":"wp","href":"https:\/\/api.w.org\/{rel}","templated":true}]}}