{"id":1358,"date":"2024-07-11T00:28:27","date_gmt":"2024-07-11T00:28:27","guid":{"rendered":"https:\/\/cretandeli.gr\/product\/biosanto-aloe-vera-moisturizing-gel-100ml\/"},"modified":"2024-07-26T19:00:53","modified_gmt":"2024-07-26T19:00:53","slug":"biosanto-aloe-vera-moisturizing-gel-100ml","status":"publish","type":"product","link":"https:\/\/cretandeli.gr\/pl\/produkt\/biosanto-aloe-vera-moisturizing-gel-100ml\/","title":{"rendered":"BIOSANTO ALOE VERA \u017bEL NAWIL\u017bAJ\u0104CY 100ml"},"content":{"rendered":"<p>Body gel containing organic olive oil, volcanic lava extract, aloe vera and vitamin E, to treat and hydrate the skin . Ideal for use after sun exposure, with a wonderful lemon-lime aroma.<\/p>\n<p>Aloe Vera is widely known for its soothing and anti-inflammatory qualities.<\/p>","protected":false},"excerpt":{"rendered":"<p>Body gel containing organic olive oil, volcanic lava extract, aloe vera and vitamin E, to treat and hydrate the skin . Ideal for use after sun exposure, with a wonderful lemon-lime aroma. Aloe Vera is widely known for its soothing and anti-inflammatory qualities.<\/p>","protected":false},"featured_media":1679,"comment_status":"open","ping_status":"closed","template":"","meta":{"_gspb_post_css":"","_monsterinsights_skip_tracking":false,"_monsterinsights_sitenote_active":false,"_monsterinsights_sitenote_note":"","_monsterinsights_sitenote_category":0},"product_brand":[227],"product_cat":[157],"product_tag":[],"class_list":{"0":"post-1358","1":"product","2":"type-product","3":"status-publish","4":"has-post-thumbnail","6":"product_brand-biosanto","7":"product_cat-body","9":"first","10":"instock","11":"shipping-taxable","12":"purchasable","13":"product-type-simple"},"ct_brands":[{"id":227,"name":"Biosanto","slug":"biosanto"}],"aioseo_notices":[],"jetpack_sharing_enabled":true,"_links":{"self":[{"href":"https:\/\/cretandeli.gr\/pl\/wp-json\/wp\/v2\/product\/1358","targetHints":{"allow":["GET"]}}],"collection":[{"href":"https:\/\/cretandeli.gr\/pl\/wp-json\/wp\/v2\/product"}],"about":[{"href":"https:\/\/cretandeli.gr\/pl\/wp-json\/wp\/v2\/types\/product"}],"replies":[{"embeddable":true,"href":"https:\/\/cretandeli.gr\/pl\/wp-json\/wp\/v2\/comments?post=1358"}],"wp:featuredmedia":[{"embeddable":true,"href":"https:\/\/cretandeli.gr\/pl\/wp-json\/wp\/v2\/media\/1679"}],"wp:attachment":[{"href":"https:\/\/cretandeli.gr\/pl\/wp-json\/wp\/v2\/media?parent=1358"}],"wp:term":[{"taxonomy":"product_brand","embeddable":true,"href":"https:\/\/cretandeli.gr\/pl\/wp-json\/wp\/v2\/product_brand?post=1358"},{"taxonomy":"product_cat","embeddable":true,"href":"https:\/\/cretandeli.gr\/pl\/wp-json\/wp\/v2\/product_cat?post=1358"},{"taxonomy":"product_tag","embeddable":true,"href":"https:\/\/cretandeli.gr\/pl\/wp-json\/wp\/v2\/product_tag?post=1358"}],"curies":[{"name":"wp","href":"https:\/\/api.w.org\/{rel}","templated":true}]}}